{"id":93,"date":"2024-12-31T00:16:51","date_gmt":"2024-12-31T00:16:51","guid":{"rendered":"https:\/\/moja-primalja.hr\/?page_id=93"},"modified":"2025-01-05T15:14:05","modified_gmt":"2025-01-05T15:14:05","slug":"usluge-kategorija","status":"publish","type":"page","link":"https:\/\/moja-primalja.hr\/index.php\/usluge\/usluge-kategorija\/","title":{"rendered":"kategorije"},"content":{"rendered":"\n<div class=\"wp-block-uagb-container uagb-block-c3lkqley alignfull uagb-is-root-container\"><div class=\"uagb-container-inner-blocks-wrap\">\n<div class=\"wp-block-uagb-container uagb-block-wzwcwkio\">\n<div class=\"wp-block-uagb-container uagb-block-bfpiwbbt\">\n<figure class=\"wp-block-image size-custom alignleft\"><img decoding=\"async\" src=\"https:\/\/moja-primalja.hr\/wp-content\/uploads\/2025\/01\/trudnica.png\" alt=\"\"\/><\/figure>\n\n\n\n<div class=\"wp-block-uagb-info-box uagb-block-0q7doomj uagb-infobox__content-wrap  uagb-infobox-icon-above-title uagb-infobox-image-valign-top\"><div class=\"uagb-ifb-content\"><div class=\"uagb-ifb-title-wrap\"><h3 class=\"uagb-ifb-title\">Trudnice<\/h3><\/div><p class=\"uagb-ifb-desc\">Primaljsko vo\u0111enje trudno\u0107e, u skladu s europskim standardima, predstavlja holisti\u010dki, nje\u017ean i personaliziran pristup \u017eeni i njenom nero\u0111enom djetetu. Fokus je na fizi\u010dkom, emocionalnom i duhovnom zdravlju trudnice, s naglaskom na prirodni tijek trudno\u0107e i poroda.<br><br><\/p><\/div><\/div>\n\n\n\n<div class=\"wp-block-uagb-buttons uagb-buttons__outer-wrap uagb-btn__default-btn uagb-btn-tablet__default-btn uagb-btn-mobile__default-btn uagb-block-t3ud0hea\"><div class=\"uagb-buttons__wrap uagb-buttons-layout-wrap \">\n<div class=\"wp-block-uagb-buttons-child uagb-buttons__outer-wrap uagb-block-kdnghqnf wp-block-button\"><div class=\"uagb-button__wrapper\"><a class=\"uagb-buttons-repeater wp-block-button__link\" aria-label=\"\" href=\"#\" rel=\"follow noopener\" target=\"_self\" role=\"button\"><div class=\"uagb-button__link\">vi\u0161e<\/div><span class=\"uagb-button__icon uagb-button__icon-position-after\"><svg xmlns=\"https:\/\/www.w3.org\/2000\/svg\" viewBox=\"0 0 320 512\" aria-hidden=\"true\" focussable=\"false\"><path d=\"M96 480c-8.188 0-16.38-3.125-22.62-9.375c-12.5-12.5-12.5-32.75 0-45.25L242.8 256L73.38 86.63c-12.5-12.5-12.5-32.75 0-45.25s32.75-12.5 45.25 0l192 192c12.5 12.5 12.5 32.75 0 45.25l-192 192C112.4 476.9 104.2 480 96 480z\"><\/path><\/svg><\/span><\/a><\/div><\/div>\n<\/div><\/div>\n<\/div>\n\n\n\n<div class=\"wp-block-uagb-container uagb-block-kn5pftia\">\n<figure class=\"wp-block-image size-custom alignleft\"><img decoding=\"async\" src=\"https:\/\/moja-primalja.hr\/wp-content\/uploads\/2025\/01\/rodilja.png\" alt=\"\"\/><\/figure>\n\n\n\n<div class=\"wp-block-uagb-info-box uagb-block-pmysnoa1 uagb-infobox__content-wrap  uagb-infobox-icon-above-title uagb-infobox-image-valign-top\"><div class=\"uagb-ifb-content\"><div class=\"uagb-ifb-title-wrap\"><h3 class=\"uagb-ifb-title\">Rodilje<\/h3><\/div><p class=\"uagb-ifb-desc\">Na porodu, primalja je \u017eena uz \u017eenu. Njena prisutnost nije samo profesionalna \u2013 ona je emotivna i intuitivna. Primalja poma\u017ee \u017eeni da ostane smirena, da vjeruje svom tijelu i da se pove\u017ee s instinktom. Prati svaki trenutak poroda, osigurava sigurnost i udobnost te osna\u017euje \u017eenu da bude aktivni sudionik tog transformiraju\u0107eg iskustva.&nbsp;<\/p><\/div><\/div>\n\n\n\n<div class=\"wp-block-uagb-buttons uagb-buttons__outer-wrap uagb-btn__default-btn uagb-btn-tablet__default-btn uagb-btn-mobile__default-btn uagb-block-c0fwpqpm\"><div class=\"uagb-buttons__wrap uagb-buttons-layout-wrap \">\n<div class=\"wp-block-uagb-buttons-child uagb-buttons__outer-wrap uagb-block-noz1w6qf wp-block-button\"><div class=\"uagb-button__wrapper\"><a class=\"uagb-buttons-repeater wp-block-button__link\" aria-label=\"\" href=\"#\" rel=\"follow noopener\" target=\"_self\" role=\"button\"><div class=\"uagb-button__link\">vi\u0161e<\/div><span class=\"uagb-button__icon uagb-button__icon-position-after\"><svg xmlns=\"https:\/\/www.w3.org\/2000\/svg\" viewBox=\"0 0 320 512\" aria-hidden=\"true\" focussable=\"false\"><path d=\"M96 480c-8.188 0-16.38-3.125-22.62-9.375c-12.5-12.5-12.5-32.75 0-45.25L242.8 256L73.38 86.63c-12.5-12.5-12.5-32.75 0-45.25s32.75-12.5 45.25 0l192 192c12.5 12.5 12.5 32.75 0 45.25l-192 192C112.4 476.9 104.2 480 96 480z\"><\/path><\/svg><\/span><\/a><\/div><\/div>\n<\/div><\/div>\n<\/div>\n\n\n\n<div class=\"wp-block-uagb-container uagb-block-s9ektwp2\">\n<figure class=\"wp-block-image size-custom alignleft\"><img decoding=\"async\" src=\"https:\/\/moja-primalja.hr\/wp-content\/uploads\/2025\/01\/babinjaca.png\" alt=\"\"\/><\/figure>\n\n\n\n<div class=\"wp-block-uagb-info-box uagb-block-r7xity0n uagb-infobox__content-wrap  uagb-infobox-icon-above-title uagb-infobox-image-valign-top\"><div class=\"uagb-ifb-content\"><div class=\"uagb-ifb-title-wrap\"><h3 class=\"uagb-ifb-title\">Babinja\u010de<\/h3><\/div><p class=\"uagb-ifb-desc\">Postpartum je \u010desto zanemaren, no primaljska podr\u0161ka ovdje igra klju\u010dnu ulogu. Primalja dolazi u dom nove majke kako bi pomogla u prvim danima s bebom, pratila oporavak \u017eene i podr\u017eala dojenje. Pru\u017ea prakti\u010dne savjete o hranjenju, uspavljivanju i njezi novoro\u0111en\u010deta, dok istovremeno osigurava da je maj\u010dino fizi\u010dko i emocionalno zdravlje na prvom mjestu.&nbsp;<\/p><\/div><\/div>\n\n\n\n<div class=\"wp-block-uagb-buttons uagb-buttons__outer-wrap uagb-btn__default-btn uagb-btn-tablet__default-btn uagb-btn-mobile__default-btn uagb-block-ay1gtr00\"><div class=\"uagb-buttons__wrap uagb-buttons-layout-wrap \">\n<div class=\"wp-block-uagb-buttons-child uagb-buttons__outer-wrap uagb-block-1xp4oiwf wp-block-button\"><div class=\"uagb-button__wrapper\"><a class=\"uagb-buttons-repeater wp-block-button__link\" aria-label=\"\" href=\"#\" rel=\"follow noopener\" target=\"_self\" role=\"button\"><div class=\"uagb-button__link\">vi\u0161e<\/div><span class=\"uagb-button__icon uagb-button__icon-position-after\"><svg xmlns=\"https:\/\/www.w3.org\/2000\/svg\" viewBox=\"0 0 320 512\" aria-hidden=\"true\" focussable=\"false\"><path d=\"M96 480c-8.188 0-16.38-3.125-22.62-9.375c-12.5-12.5-12.5-32.75 0-45.25L242.8 256L73.38 86.63c-12.5-12.5-12.5-32.75 0-45.25s32.75-12.5 45.25 0l192 192c12.5 12.5 12.5 32.75 0 45.25l-192 192C112.4 476.9 104.2 480 96 480z\"><\/path><\/svg><\/span><\/a><\/div><\/div>\n<\/div><\/div>\n<\/div>\n<\/div>\n<\/div><\/div>\n\n\n\n<p><\/p>\n","protected":false},"excerpt":{"rendered":"","protected":false},"author":2,"featured_media":0,"parent":34,"menu_order":0,"comment_status":"closed","ping_status":"closed","template":"","meta":{"_uag_custom_page_level_css":"","site-sidebar-layout":"default","site-content-layout":"","ast-site-content-layout":"","site-content-style":"default","site-sidebar-style":"default","ast-global-header-display":"","ast-banner-title-visibility":"","ast-main-header-display":"","ast-hfb-above-header-display":"","ast-hfb-below-header-display":"","ast-hfb-mobile-header-display":"","site-post-title":"disabled","ast-breadcrumbs-content":"","ast-featured-img":"","footer-sml-layout":"","ast-disable-related-posts":"","theme-transparent-header-meta":"","adv-header-id-meta":"","stick-header-meta":"","header-above-stick-meta":"","header-main-stick-meta":"","header-below-stick-meta":"","astra-migrate-meta-layouts":"default","ast-page-background-enabled":"default","ast-page-background-meta":{"desktop":{"background-color":"var(--ast-global-color-4)","background-image":"","background-repeat":"repeat","background-position":"center center","background-size":"auto","background-attachment":"scroll","background-type":"","background-media":"","overlay-type":"","overlay-color":"","overlay-opacity":"","overlay-gradient":""},"tablet":{"background-color":"","background-image":"","background-repeat":"repeat","background-position":"center center","background-size":"auto","background-attachment":"scroll","background-type":"","background-media":"","overlay-type":"","overlay-color":"","overlay-opacity":"","overlay-gradient":""},"mobile":{"background-color":"","background-image":"","background-repeat":"repeat","background-position":"center center","background-size":"auto","background-attachment":"scroll","background-type":"","background-media":"","overlay-type":"","overlay-color":"","overlay-opacity":"","overlay-gradient":""}},"ast-content-background-meta":{"desktop":{"background-color":"var(--ast-global-color-5)","background-image":"","background-repeat":"repeat","background-position":"center center","background-size":"auto","background-attachment":"scroll","background-type":"","background-media":"","overlay-type":"","overlay-color":"","overlay-opacity":"","overlay-gradient":""},"tablet":{"background-color":"var(--ast-global-color-5)","background-image":"","background-repeat":"repeat","background-position":"center center","background-size":"auto","background-attachment":"scroll","background-type":"","background-media":"","overlay-type":"","overlay-color":"","overlay-opacity":"","overlay-gradient":""},"mobile":{"background-color":"var(--ast-global-color-5)","background-image":"","background-repeat":"repeat","background-position":"center center","background-size":"auto","background-attachment":"scroll","background-type":"","background-media":"","overlay-type":"","overlay-color":"","overlay-opacity":"","overlay-gradient":""}},"footnotes":""},"class_list":["post-93","page","type-page","status-publish","hentry"],"yoast_head":"<!-- This site is optimized with the Yoast SEO plugin v26.8 - https:\/\/yoast.com\/product\/yoast-seo-wordpress\/ -->\n<title>kategorije - Moja Primalja<\/title>\n<meta name=\"robots\" content=\"index, follow, max-snippet:-1, max-image-preview:large, max-video-preview:-1\" \/>\n<link rel=\"canonical\" href=\"https:\/\/moja-primalja.hr\/index.php\/usluge\/usluge-kategorija\/\" \/>\n<meta property=\"og:locale\" content=\"hr_HR\" \/>\n<meta property=\"og:type\" content=\"article\" \/>\n<meta property=\"og:title\" content=\"kategorije - Moja Primalja\" \/>\n<meta property=\"og:url\" content=\"https:\/\/moja-primalja.hr\/index.php\/usluge\/usluge-kategorija\/\" \/>\n<meta property=\"og:site_name\" content=\"Moja Primalja\" \/>\n<meta property=\"article:modified_time\" content=\"2025-01-05T15:14:05+00:00\" \/>\n<meta property=\"og:image\" content=\"https:\/\/moja-primalja.hr\/wp-content\/uploads\/2025\/01\/trudnica.png\" \/>\n<meta name=\"twitter:card\" content=\"summary_large_image\" \/>\n<meta name=\"twitter:label1\" content=\"Procijenjeno vrijeme \u010ditanja\" \/>\n\t<meta name=\"twitter:data1\" content=\"2 minute\" \/>\n<script type=\"application\/ld+json\" class=\"yoast-schema-graph\">{\"@context\":\"https:\/\/schema.org\",\"@graph\":[{\"@type\":\"WebPage\",\"@id\":\"https:\/\/moja-primalja.hr\/index.php\/usluge\/usluge-kategorija\/\",\"url\":\"https:\/\/moja-primalja.hr\/index.php\/usluge\/usluge-kategorija\/\",\"name\":\"kategorije - Moja Primalja\",\"isPartOf\":{\"@id\":\"https:\/\/moja-primalja.hr\/#website\"},\"primaryImageOfPage\":{\"@id\":\"https:\/\/moja-primalja.hr\/index.php\/usluge\/usluge-kategorija\/#primaryimage\"},\"image\":{\"@id\":\"https:\/\/moja-primalja.hr\/index.php\/usluge\/usluge-kategorija\/#primaryimage\"},\"thumbnailUrl\":\"https:\/\/moja-primalja.hr\/wp-content\/uploads\/2025\/01\/trudnica.png\",\"datePublished\":\"2024-12-31T00:16:51+00:00\",\"dateModified\":\"2025-01-05T15:14:05+00:00\",\"breadcrumb\":{\"@id\":\"https:\/\/moja-primalja.hr\/index.php\/usluge\/usluge-kategorija\/#breadcrumb\"},\"inLanguage\":\"hr\",\"potentialAction\":[{\"@type\":\"ReadAction\",\"target\":[\"https:\/\/moja-primalja.hr\/index.php\/usluge\/usluge-kategorija\/\"]}]},{\"@type\":\"ImageObject\",\"inLanguage\":\"hr\",\"@id\":\"https:\/\/moja-primalja.hr\/index.php\/usluge\/usluge-kategorija\/#primaryimage\",\"url\":\"https:\/\/moja-primalja.hr\/wp-content\/uploads\/2025\/01\/trudnica.png\",\"contentUrl\":\"https:\/\/moja-primalja.hr\/wp-content\/uploads\/2025\/01\/trudnica.png\",\"width\":594,\"height\":299},{\"@type\":\"BreadcrumbList\",\"@id\":\"https:\/\/moja-primalja.hr\/index.php\/usluge\/usluge-kategorija\/#breadcrumb\",\"itemListElement\":[{\"@type\":\"ListItem\",\"position\":1,\"name\":\"Po\u010detna stranica\",\"item\":\"https:\/\/moja-primalja.hr\/\"},{\"@type\":\"ListItem\",\"position\":2,\"name\":\"Usluge\",\"item\":\"https:\/\/moja-primalja.hr\/index.php\/usluge\/\"},{\"@type\":\"ListItem\",\"position\":3,\"name\":\"kategorije\"}]},{\"@type\":\"WebSite\",\"@id\":\"https:\/\/moja-primalja.hr\/#website\",\"url\":\"https:\/\/moja-primalja.hr\/\",\"name\":\"Moja Primalja\",\"description\":\"prva privatna primaljska njega\",\"publisher\":{\"@id\":\"https:\/\/moja-primalja.hr\/#organization\"},\"potentialAction\":[{\"@type\":\"SearchAction\",\"target\":{\"@type\":\"EntryPoint\",\"urlTemplate\":\"https:\/\/moja-primalja.hr\/?s={search_term_string}\"},\"query-input\":{\"@type\":\"PropertyValueSpecification\",\"valueRequired\":true,\"valueName\":\"search_term_string\"}}],\"inLanguage\":\"hr\"},{\"@type\":\"Organization\",\"@id\":\"https:\/\/moja-primalja.hr\/#organization\",\"name\":\"Moja Primalja\",\"url\":\"https:\/\/moja-primalja.hr\/\",\"logo\":{\"@type\":\"ImageObject\",\"inLanguage\":\"hr\",\"@id\":\"https:\/\/moja-primalja.hr\/#\/schema\/logo\/image\/\",\"url\":\"https:\/\/moja-primalja.hr\/wp-content\/uploads\/2024\/12\/cropped-cropped-Color-logo-PNG-e1735569850456-1.png\",\"contentUrl\":\"https:\/\/moja-primalja.hr\/wp-content\/uploads\/2024\/12\/cropped-cropped-Color-logo-PNG-e1735569850456-1.png\",\"width\":247,\"height\":222,\"caption\":\"Moja Primalja\"},\"image\":{\"@id\":\"https:\/\/moja-primalja.hr\/#\/schema\/logo\/image\/\"}}]}<\/script>\n<!-- \/ Yoast SEO plugin. -->","yoast_head_json":{"title":"kategorije - Moja Primalja","robots":{"index":"index","follow":"follow","max-snippet":"max-snippet:-1","max-image-preview":"max-image-preview:large","max-video-preview":"max-video-preview:-1"},"canonical":"https:\/\/moja-primalja.hr\/index.php\/usluge\/usluge-kategorija\/","og_locale":"hr_HR","og_type":"article","og_title":"kategorije - Moja Primalja","og_url":"https:\/\/moja-primalja.hr\/index.php\/usluge\/usluge-kategorija\/","og_site_name":"Moja Primalja","article_modified_time":"2025-01-05T15:14:05+00:00","og_image":[{"url":"https:\/\/moja-primalja.hr\/wp-content\/uploads\/2025\/01\/trudnica.png","type":"","width":"","height":""}],"twitter_card":"summary_large_image","twitter_misc":{"Procijenjeno vrijeme \u010ditanja":"2 minute"},"schema":{"@context":"https:\/\/schema.org","@graph":[{"@type":"WebPage","@id":"https:\/\/moja-primalja.hr\/index.php\/usluge\/usluge-kategorija\/","url":"https:\/\/moja-primalja.hr\/index.php\/usluge\/usluge-kategorija\/","name":"kategorije - Moja Primalja","isPartOf":{"@id":"https:\/\/moja-primalja.hr\/#website"},"primaryImageOfPage":{"@id":"https:\/\/moja-primalja.hr\/index.php\/usluge\/usluge-kategorija\/#primaryimage"},"image":{"@id":"https:\/\/moja-primalja.hr\/index.php\/usluge\/usluge-kategorija\/#primaryimage"},"thumbnailUrl":"https:\/\/moja-primalja.hr\/wp-content\/uploads\/2025\/01\/trudnica.png","datePublished":"2024-12-31T00:16:51+00:00","dateModified":"2025-01-05T15:14:05+00:00","breadcrumb":{"@id":"https:\/\/moja-primalja.hr\/index.php\/usluge\/usluge-kategorija\/#breadcrumb"},"inLanguage":"hr","potentialAction":[{"@type":"ReadAction","target":["https:\/\/moja-primalja.hr\/index.php\/usluge\/usluge-kategorija\/"]}]},{"@type":"ImageObject","inLanguage":"hr","@id":"https:\/\/moja-primalja.hr\/index.php\/usluge\/usluge-kategorija\/#primaryimage","url":"https:\/\/moja-primalja.hr\/wp-content\/uploads\/2025\/01\/trudnica.png","contentUrl":"https:\/\/moja-primalja.hr\/wp-content\/uploads\/2025\/01\/trudnica.png","width":594,"height":299},{"@type":"BreadcrumbList","@id":"https:\/\/moja-primalja.hr\/index.php\/usluge\/usluge-kategorija\/#breadcrumb","itemListElement":[{"@type":"ListItem","position":1,"name":"Po\u010detna stranica","item":"https:\/\/moja-primalja.hr\/"},{"@type":"ListItem","position":2,"name":"Usluge","item":"https:\/\/moja-primalja.hr\/index.php\/usluge\/"},{"@type":"ListItem","position":3,"name":"kategorije"}]},{"@type":"WebSite","@id":"https:\/\/moja-primalja.hr\/#website","url":"https:\/\/moja-primalja.hr\/","name":"Moja Primalja","description":"prva privatna primaljska njega","publisher":{"@id":"https:\/\/moja-primalja.hr\/#organization"},"potentialAction":[{"@type":"SearchAction","target":{"@type":"EntryPoint","urlTemplate":"https:\/\/moja-primalja.hr\/?s={search_term_string}"},"query-input":{"@type":"PropertyValueSpecification","valueRequired":true,"valueName":"search_term_string"}}],"inLanguage":"hr"},{"@type":"Organization","@id":"https:\/\/moja-primalja.hr\/#organization","name":"Moja Primalja","url":"https:\/\/moja-primalja.hr\/","logo":{"@type":"ImageObject","inLanguage":"hr","@id":"https:\/\/moja-primalja.hr\/#\/schema\/logo\/image\/","url":"https:\/\/moja-primalja.hr\/wp-content\/uploads\/2024\/12\/cropped-cropped-Color-logo-PNG-e1735569850456-1.png","contentUrl":"https:\/\/moja-primalja.hr\/wp-content\/uploads\/2024\/12\/cropped-cropped-Color-logo-PNG-e1735569850456-1.png","width":247,"height":222,"caption":"Moja Primalja"},"image":{"@id":"https:\/\/moja-primalja.hr\/#\/schema\/logo\/image\/"}}]}},"uagb_featured_image_src":{"full":false,"thumbnail":false,"medium":false,"medium_large":false,"large":false,"1536x1536":false,"2048x2048":false},"uagb_author_info":{"display_name":"admin","author_link":"https:\/\/moja-primalja.hr\/index.php\/author\/admin\/"},"uagb_comment_info":0,"uagb_excerpt":null,"_links":{"self":[{"href":"https:\/\/moja-primalja.hr\/index.php\/wp-json\/wp\/v2\/pages\/93","targetHints":{"allow":["GET"]}}],"collection":[{"href":"https:\/\/moja-primalja.hr\/index.php\/wp-json\/wp\/v2\/pages"}],"about":[{"href":"https:\/\/moja-primalja.hr\/index.php\/wp-json\/wp\/v2\/types\/page"}],"author":[{"embeddable":true,"href":"https:\/\/moja-primalja.hr\/index.php\/wp-json\/wp\/v2\/users\/2"}],"replies":[{"embeddable":true,"href":"https:\/\/moja-primalja.hr\/index.php\/wp-json\/wp\/v2\/comments?post=93"}],"version-history":[{"count":9,"href":"https:\/\/moja-primalja.hr\/index.php\/wp-json\/wp\/v2\/pages\/93\/revisions"}],"predecessor-version":[{"id":131,"href":"https:\/\/moja-primalja.hr\/index.php\/wp-json\/wp\/v2\/pages\/93\/revisions\/131"}],"up":[{"embeddable":true,"href":"https:\/\/moja-primalja.hr\/index.php\/wp-json\/wp\/v2\/pages\/34"}],"wp:attachment":[{"href":"https:\/\/moja-primalja.hr\/index.php\/wp-json\/wp\/v2\/media?parent=93"}],"curies":[{"name":"wp","href":"https:\/\/api.w.org\/{rel}","templated":true}]}}